{"id":2,"date":"2019-07-03T08:34:16","date_gmt":"2019-07-03T08:34:16","guid":{"rendered":"https:\/\/www.kasiinopakkumine.com\/?page_id=2"},"modified":"2019-07-23T15:53:30","modified_gmt":"2019-07-23T12:53:30","slug":"sample-page","status":"publish","type":"page","link":"https:\/\/www.kasiinopakkumine.com\/","title":{"rendered":"T\u00e4iesti p\u00f6\u00f6rane tervitusboonus!"},"content":{"rendered":"<h1>Kolmekordistame Sinu esimese sissemakse<\/h1>\n<h2>Ja kingime kuni 500 tasuta spinni!<\/h2>\n<p><a class=\"button\" href=\"https:\/\/www.betsafe.ee\/et\/pakkumised\/casino-welcome-deposit-bonus\" target=\"_blank\" rel=\"noopener noreferrer\">Liitu kohe!<\/a><\/p>\n\n\n<p><\/p>\n","protected":false},"excerpt":{"rendered":"<p>Kolmekordistame Sinu esimese sissemakse Ja kingime kuni 500 tasuta spinni! Liitu kohe!<\/p>\n","protected":false},"author":1,"featured_media":0,"parent":0,"menu_order":0,"comment_status":"closed","ping_status":"open","template":"","meta":{"footnotes":""},"class_list":["post-2","page","type-page","status-publish","hentry"],"_links":{"self":[{"href":"https:\/\/www.kasiinopakkumine.com\/index.php?rest_route=\/wp\/v2\/pages\/2","targetHints":{"allow":["GET"]}}],"collection":[{"href":"https:\/\/www.kasiinopakkumine.com\/index.php?rest_route=\/wp\/v2\/pages"}],"about":[{"href":"https:\/\/www.kasiinopakkumine.com\/index.php?rest_route=\/wp\/v2\/types\/page"}],"author":[{"embeddable":true,"href":"https:\/\/www.kasiinopakkumine.com\/index.php?rest_route=\/wp\/v2\/users\/1"}],"replies":[{"embeddable":true,"href":"https:\/\/www.kasiinopakkumine.com\/index.php?rest_route=%2Fwp%2Fv2%2Fcomments&post=2"}],"version-history":[{"count":5,"href":"https:\/\/www.kasiinopakkumine.com\/index.php?rest_route=\/wp\/v2\/pages\/2\/revisions"}],"predecessor-version":[{"id":15,"href":"https:\/\/www.kasiinopakkumine.com\/index.php?rest_route=\/wp\/v2\/pages\/2\/revisions\/15"}],"wp:attachment":[{"href":"https:\/\/www.kasiinopakkumine.com\/index.php?rest_route=%2Fwp%2Fv2%2Fmedia&parent=2"}],"curies":[{"name":"wp","href":"https:\/\/api.w.org\/{rel}","templated":true}]}}